{"id":60,"date":"2020-04-25T23:05:39","date_gmt":"2020-04-25T21:05:39","guid":{"rendered":"http:\/\/editionspaondor.com\/boutique\/?post_type=product&#038;p=60"},"modified":"2025-07-15T11:01:50","modified_gmt":"2025-07-15T09:01:50","slug":"outrechimere","status":"publish","type":"product","link":"https:\/\/editionspaondor.com\/boutique\/index.php\/produit\/outrechimere\/","title":{"rendered":"Outrechim\u00e8re"},"content":{"rendered":"<p>Aventurez-vous au-del\u00e0 du voile qui vous s\u00e9pare des mondes fabuleux. Faites le choix de croire en la puissance de votre imaginaire afin qu&rsquo;il vous r\u00e9v\u00e8le vos v\u00e9rit\u00e9s profondes.<br \/>\nCe splendide oracle est, tel un prisme, capable de vous aider \u00e0 retrouver ce qui est rest\u00e9 enfoui en vous depuis l&rsquo;enfance : le go\u00fbt du merveilleux.<br \/>\nGr\u00e2ce \u00e0 ses illustrations inspirantes, ses nombreux mots cl\u00e9s savamment choisis et un syst\u00e8me unique de symboles chim\u00e9riques reliant les cartes entre elles, ce jeu vous \u00e9paulera dans vos questionnements et offrira tous les pouvoirs \u00e0 votre intuition.<\/p>\n<p>La boite contient :<\/p>\n<p>49 cartes (8,8cm x 14,3cm)<\/p>\n<p>1 livret couleur de 144 pages<\/p>\n<p>1 pochon satin\u00e9<\/p>\n<p>&nbsp;<\/p>\n<p><strong>Il s&rsquo;agit de la seconde \u00e9dition de l&rsquo;oracle<\/strong>.<br \/>\nMais peu de choses changent par rapport \u00e0 la premi\u00e8re \u00e9dition :<\/p>\n<ul>\n<li>Les 4 cartes m\u00e9mo ont \u00e9t\u00e9 supprim\u00e9es. Je les trouvais g\u00eanantes et peu utiles.<\/li>\n<li>Le livret a \u00e9t\u00e9 simplifi\u00e9 et clarifi\u00e9 pour qu&rsquo;il soit plus facilement compr\u00e9hensible. Un soin plus important a \u00e9t\u00e9 apport\u00e9 \u00e0 la description des chim\u00e8res.<\/li>\n<li>L&rsquo;int\u00e9rieur de la boite est d\u00e9sormais imprim\u00e9 lui-aussi.<\/li>\n<\/ul>\n<p>Les cartes n&rsquo;ont pas du tout chang\u00e9, outre la correction des deux coquilles orthographiques \ud83d\ude42<\/p>\n<p>&nbsp;<\/p>\n<p style=\"text-align: center;\">***<\/p>\n<h4 style=\"text-align: center;\"><strong>Quelques Vid\u00e9os de pr\u00e9sentation du jeu (dans sa premi\u00e8re \u00e9dition)<br \/>\n<\/strong><\/h4>\n<p style=\"text-align: center;\"><a href=\"https:\/\/www.youtube.com\/watch?v=fB4210rxCSs&amp;t=2s\">Unboxing par Angel Thaena<\/a><\/p>\n<p style=\"text-align: center;\"><a href=\"https:\/\/www.youtube.com\/watch?v=-pAPInw9p-4&amp;t=3s\">Pr\u00e9sentation par Clair de la Lune<\/a><\/p>\n<p style=\"text-align: center;\"><a href=\"https:\/\/www.youtube.com\/watch?v=YZsBPTYbG2U\">Pr\u00e9sentation par L&rsquo;Oeil dans le noir<\/a><\/p>\n<p style=\"text-align: center;\"><a href=\"https:\/\/www.youtube.com\/watch?v=4g0F9Nw95fY\">Pr\u00e9sentation par Au pays de Candice<\/a><\/p>\n<p>&nbsp;<\/p>\n<p>Cet oracle est uniquement en fran\u00e7ais<\/p>\n<p>&nbsp;<\/p>\n","protected":false},"excerpt":{"rendered":"<p>Cartes divinatoires<\/p>\n","protected":false},"featured_media":165,"comment_status":"open","ping_status":"closed","template":"","meta":[],"product_brand":[],"product_cat":[20],"product_tag":[],"class_list":{"0":"post-60","1":"product","2":"type-product","3":"status-publish","4":"has-post-thumbnail","6":"product_cat-oracles","8":"first","9":"instock","10":"shipping-taxable","11":"purchasable","12":"product-type-simple"},"jetpack_sharing_enabled":true,"_links":{"self":[{"href":"https:\/\/editionspaondor.com\/boutique\/index.php\/wp-json\/wp\/v2\/product\/60","targetHints":{"allow":["GET"]}}],"collection":[{"href":"https:\/\/editionspaondor.com\/boutique\/index.php\/wp-json\/wp\/v2\/product"}],"about":[{"href":"https:\/\/editionspaondor.com\/boutique\/index.php\/wp-json\/wp\/v2\/types\/product"}],"replies":[{"embeddable":true,"href":"https:\/\/editionspaondor.com\/boutique\/index.php\/wp-json\/wp\/v2\/comments?post=60"}],"wp:featuredmedia":[{"embeddable":true,"href":"https:\/\/editionspaondor.com\/boutique\/index.php\/wp-json\/wp\/v2\/media\/165"}],"wp:attachment":[{"href":"https:\/\/editionspaondor.com\/boutique\/index.php\/wp-json\/wp\/v2\/media?parent=60"}],"wp:term":[{"taxonomy":"product_brand","embeddable":true,"href":"https:\/\/editionspaondor.com\/boutique\/index.php\/wp-json\/wp\/v2\/product_brand?post=60"},{"taxonomy":"product_cat","embeddable":true,"href":"https:\/\/editionspaondor.com\/boutique\/index.php\/wp-json\/wp\/v2\/product_cat?post=60"},{"taxonomy":"product_tag","embeddable":true,"href":"https:\/\/editionspaondor.com\/boutique\/index.php\/wp-json\/wp\/v2\/product_tag?post=60"}],"curies":[{"name":"wp","href":"https:\/\/api.w.org\/{rel}","templated":true}]}}