{"id":4280,"date":"2025-01-03T13:21:15","date_gmt":"2025-01-03T12:21:15","guid":{"rendered":"https:\/\/editionspaondor.com\/boutique\/?post_type=product&#038;p=4280"},"modified":"2025-06-17T04:09:44","modified_gmt":"2025-06-17T02:09:44","slug":"integrale-poetique-2025","status":"publish","type":"product","link":"https:\/\/editionspaondor.com\/boutique\/index.php\/produit\/integrale-poetique-2025\/","title":{"rendered":"Int\u00e9grale po\u00e9tique"},"content":{"rendered":"<p>L&rsquo;int\u00e9grale reprend en un seul volume (540 pages) les recueils in\u00e9dits (106 textes) ainsi qu&rsquo;une version corrig\u00e9e des recueils pr\u00e9c\u00e9demment publi\u00e9s (206 textes), l&rsquo;ensemble illustr\u00e9s d&rsquo;une s\u00e9lection de mes dessins, aquarelles et montages qui ont, pour la plupart, illustr\u00e9s mes oracles publi\u00e9s.<\/p>\n<p>Surr\u00e9aliste ou romantique, passant du merveilleux au morbide, doux ou sombre, cet ouvrage est tout ce que j&rsquo;ai pu offrir \u00e0 la Po\u00e9sie.<\/p>\n<p>&nbsp;<\/p>\n<p>-Po\u00e9sies orphelines (in\u00e9dit)<\/p>\n<p>-Griffes de f\u00e9es (in\u00e9dit)<\/p>\n<p>-Les chants d&rsquo;Arch\u00e9osia (in\u00e9dit)<\/p>\n<p>&#8211; l&rsquo;an de cendre<\/p>\n<p>&#8211; S\u00e9quelles<\/p>\n<p>&#8211; Atrabile<\/p>\n<p>&#8211; Diphylleia<\/p>\n<p>&#8211; Les m\u00e9tamorphoses de la Muse<\/p>\n<p>&#8211; Reines et fugitives<\/p>\n<p>&#8211; Advienne qu&rsquo;aimera<\/p>\n","protected":false},"excerpt":{"rendered":"<p>Recueil po\u00e9tique<\/p>\n","protected":false},"featured_media":4281,"comment_status":"open","ping_status":"closed","template":"","meta":[],"product_brand":[],"product_cat":[21],"product_tag":[],"class_list":{"0":"post-4280","1":"product","2":"type-product","3":"status-publish","4":"has-post-thumbnail","6":"product_cat-poesies","8":"first","9":"instock","10":"shipping-taxable","11":"purchasable","12":"product-type-simple"},"jetpack_sharing_enabled":true,"_links":{"self":[{"href":"https:\/\/editionspaondor.com\/boutique\/index.php\/wp-json\/wp\/v2\/product\/4280","targetHints":{"allow":["GET"]}}],"collection":[{"href":"https:\/\/editionspaondor.com\/boutique\/index.php\/wp-json\/wp\/v2\/product"}],"about":[{"href":"https:\/\/editionspaondor.com\/boutique\/index.php\/wp-json\/wp\/v2\/types\/product"}],"replies":[{"embeddable":true,"href":"https:\/\/editionspaondor.com\/boutique\/index.php\/wp-json\/wp\/v2\/comments?post=4280"}],"wp:featuredmedia":[{"embeddable":true,"href":"https:\/\/editionspaondor.com\/boutique\/index.php\/wp-json\/wp\/v2\/media\/4281"}],"wp:attachment":[{"href":"https:\/\/editionspaondor.com\/boutique\/index.php\/wp-json\/wp\/v2\/media?parent=4280"}],"wp:term":[{"taxonomy":"product_brand","embeddable":true,"href":"https:\/\/editionspaondor.com\/boutique\/index.php\/wp-json\/wp\/v2\/product_brand?post=4280"},{"taxonomy":"product_cat","embeddable":true,"href":"https:\/\/editionspaondor.com\/boutique\/index.php\/wp-json\/wp\/v2\/product_cat?post=4280"},{"taxonomy":"product_tag","embeddable":true,"href":"https:\/\/editionspaondor.com\/boutique\/index.php\/wp-json\/wp\/v2\/product_tag?post=4280"}],"curies":[{"name":"wp","href":"https:\/\/api.w.org\/{rel}","templated":true}]}}