{"id":3502,"date":"2023-04-27T15:18:44","date_gmt":"2023-04-27T13:18:44","guid":{"rendered":"https:\/\/editionspaondor.com\/boutique\/?post_type=product&#038;p=3502"},"modified":"2023-04-27T18:15:29","modified_gmt":"2023-04-27T16:15:29","slug":"20-cartes-vierges-pour-loracle-les-glyphes-de-feore","status":"publish","type":"product","link":"https:\/\/editionspaondor.com\/boutique\/index.php\/produit\/20-cartes-vierges-pour-loracle-les-glyphes-de-feore\/","title":{"rendered":"20 cartes vierges (pour l&rsquo;oracle \u00ab\u00a0les glyphes de F\u00e9ore\u00a0\u00bb)"},"content":{"rendered":"<p>20 cartes personnalisables permettant d&rsquo;enrichir \u00ab\u00a0les glyphes de F\u00e9ore\u00a0\u00bb avec vos propres fragments de phrase et \u00e9ventuelles illustrations.<\/p>\n<p>Un feutre permanent adapt\u00e9 aux supports lisses (feutre pour cd par exemple) est n\u00e9cessaire pour remplir ces cartes.<\/p>\n<p>La boite de l&rsquo;oracle permet d&rsquo;accueillir ces 20 cartes suppl\u00e9mentaires, pas davantage.<\/p>\n<p>&nbsp;<\/p>\n<p>&nbsp;<\/p>\n","protected":false},"excerpt":{"rendered":"<p>20 cartes personnalisables permettant d&rsquo;enrichir \u00ab\u00a0les glyphes de F\u00e9ore\u00a0\u00bb avec vos propres fragments de phrase et \u00e9ventuelles illustrations. Un feutre permanent adapt\u00e9 aux supports lisses (feutre pour cd par exemple) est n\u00e9cessaire pour remplir ces cartes. La boite de l&rsquo;oracle permet d&rsquo;accueillir ces 20 cartes suppl\u00e9mentaires, pas davantage. &nbsp; &nbsp;<\/p>\n","protected":false},"featured_media":3503,"comment_status":"open","ping_status":"closed","template":"","meta":[],"product_brand":[],"product_cat":[20],"product_tag":[],"class_list":{"0":"post-3502","1":"product","2":"type-product","3":"status-publish","4":"has-post-thumbnail","6":"product_cat-oracles","8":"first","9":"instock","10":"shipping-taxable","11":"purchasable","12":"product-type-simple"},"jetpack_sharing_enabled":true,"_links":{"self":[{"href":"https:\/\/editionspaondor.com\/boutique\/index.php\/wp-json\/wp\/v2\/product\/3502","targetHints":{"allow":["GET"]}}],"collection":[{"href":"https:\/\/editionspaondor.com\/boutique\/index.php\/wp-json\/wp\/v2\/product"}],"about":[{"href":"https:\/\/editionspaondor.com\/boutique\/index.php\/wp-json\/wp\/v2\/types\/product"}],"replies":[{"embeddable":true,"href":"https:\/\/editionspaondor.com\/boutique\/index.php\/wp-json\/wp\/v2\/comments?post=3502"}],"wp:featuredmedia":[{"embeddable":true,"href":"https:\/\/editionspaondor.com\/boutique\/index.php\/wp-json\/wp\/v2\/media\/3503"}],"wp:attachment":[{"href":"https:\/\/editionspaondor.com\/boutique\/index.php\/wp-json\/wp\/v2\/media?parent=3502"}],"wp:term":[{"taxonomy":"product_brand","embeddable":true,"href":"https:\/\/editionspaondor.com\/boutique\/index.php\/wp-json\/wp\/v2\/product_brand?post=3502"},{"taxonomy":"product_cat","embeddable":true,"href":"https:\/\/editionspaondor.com\/boutique\/index.php\/wp-json\/wp\/v2\/product_cat?post=3502"},{"taxonomy":"product_tag","embeddable":true,"href":"https:\/\/editionspaondor.com\/boutique\/index.php\/wp-json\/wp\/v2\/product_tag?post=3502"}],"curies":[{"name":"wp","href":"https:\/\/api.w.org\/{rel}","templated":true}]}}