{"id":3477,"date":"2023-04-27T18:14:47","date_gmt":"2023-04-27T16:14:47","guid":{"rendered":"https:\/\/editionspaondor.com\/boutique\/?post_type=product&#038;p=3477"},"modified":"2025-03-19T19:14:54","modified_gmt":"2025-03-19T18:14:54","slug":"les-glyphes-de-feore","status":"publish","type":"product","link":"https:\/\/editionspaondor.com\/boutique\/index.php\/produit\/les-glyphes-de-feore\/","title":{"rendered":"Les glyphes de F\u00e9ore"},"content":{"rendered":"<p>\u00ab\u00a0Glyphes de F\u00e9ore\u00a0\u00bb\u00a0 a \u00e9t\u00e9 con\u00e7u sous le signe de la po\u00e9sie et du m\u00e9lange. Son univers touche \u00e0 la fois \u00e0 la f\u00e9\u00e9rie, au r\u00eave et aux merveilles de la nature. C&rsquo;est \u00e0 la fois un objet po\u00e9tique et un oracle tr\u00e8s particulier. Contrairement \u00e0 la plupart des oracles qui s\u2019appuient sur un syst\u00e8me de mots cl\u00e9s, Glyphes de F\u00e9ore s\u2019exprime par la combinaison de fragments de phrase et vous livre ses messages sous forme de m\u00e9taphores \u00e0 interpr\u00e9ter. Les mots y ont dont une importance tout particuli\u00e8re.<\/p>\n<p>Le jeu est tr\u00e8s simple \u00e0 utiliser gr\u00e2ce \u00e0 un tirage unique \u00e0 cinq cartes.<\/p>\n<p>Un petit site internet, accessible depuis votre t\u00e9l\u00e9phone, vous donne acc\u00e8s aux explications d&rsquo;utilisation, \u00e0 des significations possibles pour chaque carte (surtout utile si vous voulez utiliser le jeu comme un oracle traditionnel) et vous permet de lire et d\u2019\u00e9couter les premiers po\u00e8mes inspir\u00e9s par l\u2019univers de l&rsquo;oracle.<br \/>\nEn parall\u00e8le \u00e0 ce site, pour ceux qui pr\u00e9f\u00e8rent les supports physiques, j&rsquo;ai imprim\u00e9 une humble notice en papier reprenant les explications et significations.<\/p>\n<p>En outre, l&rsquo;oracle s&rsquo;accompagne de quelques cartes vierges, personnalisables, qui vous permettront, si vous le d\u00e9sirez, d\u2019apporter votre touche personnelle au vocabulaire de l\u2018oracle.<\/p>\n<p>L&rsquo;oracle se compose de:<br \/>\n&#8211; 100 cartes illustr\u00e9es (15 x 6 cm) (attention le m\u00e9lange d&rsquo;un tel nombre de cartes demandera un peu d&rsquo;exp\u00e9rience^^)<br \/>\n&#8211; 5 cartes vierges<br \/>\n&#8211; 1 notice de 20 feuillets (noir-et blanc, sans illustrations)<br \/>\n&#8211; 1 boite rigide<\/p>\n<p>J&rsquo;esp\u00e8re que cet oracle quelque peu exp\u00e9rimental vous charmera, vous inspirera ou m\u00eame vous amusera.<\/p>\n<p>&nbsp;<\/p>\n<p><em>\u00ab\u00a0Les messages d\u00e9livr\u00e9s sont pour moi comme un parfum envo\u00fbtant avec ses notes de t\u00eate, de coeur et de fond. D&rsquo;une approche l\u00e9g\u00e8re \u00e0 une r\u00e9flexion plus profonde.\u00a0\u00bb<\/em> &#8211; Delphine<\/p>\n<p style=\"text-align: center;\"><strong>Pr\u00e9sentations de l&rsquo;oracle :<br \/>\n<\/strong><\/p>\n<h4>&#8211; par Claire de la lune<\/h4>\n<p><iframe loading=\"lazy\" title=\"Les Glyphes de F\u00e9ore, po\u00e9tique et \u00e9trange (review, vid\u00e9o)\" width=\"980\" height=\"551\" src=\"https:\/\/www.youtube.com\/embed\/dOAmpzFT9c8?start=25&#038;feature=oembed\" frameborder=\"0\" allow=\"accelerometer; autoplay; clipboard-write; encrypted-media; gyroscope; picture-in-picture; web-share\" allowfullscreen><\/iframe><\/p>\n<h4>-par Licorne Indigo<\/h4>\n<p><iframe loading=\"lazy\" title=\"Les Glyphes de F\u00e9ore de Gabriel Leroy ( review + tirage )\" width=\"980\" height=\"551\" src=\"https:\/\/www.youtube.com\/embed\/My7PQv_flzI?feature=oembed\" frameborder=\"0\" allow=\"accelerometer; autoplay; clipboard-write; encrypted-media; gyroscope; picture-in-picture; web-share\" allowfullscreen><\/iframe><\/p>\n<h4>-Par Laurencew2009<\/h4>\n<p><iframe loading=\"lazy\" title=\"\ud83e\udd9a Les Glyphes de F\u00e9ore de Gabriel Leroy @Mizan2 , un magnifique bijoux \ud83e\udd9a\" width=\"980\" height=\"551\" src=\"https:\/\/www.youtube.com\/embed\/8_bg3bJ7ftk?start=29&#038;feature=oembed\" frameborder=\"0\" allow=\"accelerometer; autoplay; clipboard-write; encrypted-media; gyroscope; picture-in-picture; web-share\" allowfullscreen><\/iframe><\/p>\n<h3>&#8211; par Romylou<\/h3>\n<p><iframe loading=\"lazy\" title=\"Pr\u00e9sentation ORACLE LES GLYPHES DE FEORE @gabrielleroy\" width=\"980\" height=\"551\" src=\"https:\/\/www.youtube.com\/embed\/1BiahZIJp2Q?start=61&#038;feature=oembed\" frameborder=\"0\" allow=\"accelerometer; autoplay; clipboard-write; encrypted-media; gyroscope; picture-in-picture; web-share\" allowfullscreen><\/iframe><\/p>\n<p>&nbsp;<\/p>\n","protected":false},"excerpt":{"rendered":"<p>\u00ab\u00a0Glyphes de F\u00e9ore\u00a0\u00bb\u00a0 a \u00e9t\u00e9 con\u00e7u sous le signe de la po\u00e9sie et du m\u00e9lange. Son univers touche \u00e0 la fois \u00e0 la f\u00e9\u00e9rie, au r\u00eave et aux merveilles de la nature. C&rsquo;est \u00e0 la fois un objet po\u00e9tique et un oracle tr\u00e8s particulier. Contrairement \u00e0 la plupart des oracles qui s\u2019appuient sur un syst\u00e8me [&hellip;]<\/p>\n","protected":false},"featured_media":3478,"comment_status":"open","ping_status":"closed","template":"","meta":[],"product_brand":[],"product_cat":[20],"product_tag":[],"class_list":{"0":"post-3477","1":"product","2":"type-product","3":"status-publish","4":"has-post-thumbnail","6":"product_cat-oracles","8":"first","9":"instock","10":"shipping-taxable","11":"purchasable","12":"product-type-simple"},"jetpack_sharing_enabled":true,"_links":{"self":[{"href":"https:\/\/editionspaondor.com\/boutique\/index.php\/wp-json\/wp\/v2\/product\/3477","targetHints":{"allow":["GET"]}}],"collection":[{"href":"https:\/\/editionspaondor.com\/boutique\/index.php\/wp-json\/wp\/v2\/product"}],"about":[{"href":"https:\/\/editionspaondor.com\/boutique\/index.php\/wp-json\/wp\/v2\/types\/product"}],"replies":[{"embeddable":true,"href":"https:\/\/editionspaondor.com\/boutique\/index.php\/wp-json\/wp\/v2\/comments?post=3477"}],"wp:featuredmedia":[{"embeddable":true,"href":"https:\/\/editionspaondor.com\/boutique\/index.php\/wp-json\/wp\/v2\/media\/3478"}],"wp:attachment":[{"href":"https:\/\/editionspaondor.com\/boutique\/index.php\/wp-json\/wp\/v2\/media?parent=3477"}],"wp:term":[{"taxonomy":"product_brand","embeddable":true,"href":"https:\/\/editionspaondor.com\/boutique\/index.php\/wp-json\/wp\/v2\/product_brand?post=3477"},{"taxonomy":"product_cat","embeddable":true,"href":"https:\/\/editionspaondor.com\/boutique\/index.php\/wp-json\/wp\/v2\/product_cat?post=3477"},{"taxonomy":"product_tag","embeddable":true,"href":"https:\/\/editionspaondor.com\/boutique\/index.php\/wp-json\/wp\/v2\/product_tag?post=3477"}],"curies":[{"name":"wp","href":"https:\/\/api.w.org\/{rel}","templated":true}]}}