{"id":209,"date":"2020-04-27T13:58:21","date_gmt":"2020-04-27T11:58:21","guid":{"rendered":"http:\/\/editionspaondor.com\/boutique\/?post_type=product&#038;p=209"},"modified":"2025-01-03T14:08:17","modified_gmt":"2025-01-03T13:08:17","slug":"reines-et-fugitives-copie","status":"publish","type":"product","link":"https:\/\/editionspaondor.com\/boutique\/index.php\/produit\/reines-et-fugitives-copie\/","title":{"rendered":"Advienne qu&rsquo;aimera"},"content":{"rendered":"<p>Il est rare que deux \u00e2mes parfaitement faites l\u2019une pour l\u2019autre, issues d&rsquo;un m\u00eame miracle, se rencontrent sur cette terre. L&rsquo;\u00e9vidence qui nait d&rsquo;une telle union devient alors une source fabuleuse de po\u00e9sie. Les sentiments se font tumultueux. Les mots se font perles de passion. Et plus rien d&rsquo;autre alors n&rsquo;existe pour les amants ivres de vertige et de beaut\u00e9.<\/p>\n<p>Ce recueil, \u00e9crit avec la nostalgie de la po\u00e9sie classique, embrasse \u00e0 pleines strophes le th\u00e8me de l&rsquo;amour. Qu&rsquo;ils penchent vers l\u2019\u00e9rotisme ou la galanterie, les vers n&rsquo;y sont toujours que battements de c\u0153ur.<\/p>\n<p>&nbsp;<\/p>\n<p>62 pages, format A5<\/p>\n<p>Tous les textes de mes recueils sont consultables sur mon site <a href=\"http:\/\/www.gabriel-leroy.be\">www.gabriel-leroy.be<\/a><\/p>\n","protected":false},"excerpt":{"rendered":"<p>Recueil po\u00e9tique<\/p>\n","protected":false},"featured_media":210,"comment_status":"open","ping_status":"closed","template":"","meta":[],"product_brand":[],"product_cat":[15],"product_tag":[],"class_list":{"0":"post-209","1":"product","2":"type-product","3":"status-publish","4":"has-post-thumbnail","6":"product_cat-non-classe","8":"first","9":"outofstock","10":"shipping-taxable","11":"purchasable","12":"product-type-simple"},"jetpack_sharing_enabled":true,"_links":{"self":[{"href":"https:\/\/editionspaondor.com\/boutique\/index.php\/wp-json\/wp\/v2\/product\/209","targetHints":{"allow":["GET"]}}],"collection":[{"href":"https:\/\/editionspaondor.com\/boutique\/index.php\/wp-json\/wp\/v2\/product"}],"about":[{"href":"https:\/\/editionspaondor.com\/boutique\/index.php\/wp-json\/wp\/v2\/types\/product"}],"replies":[{"embeddable":true,"href":"https:\/\/editionspaondor.com\/boutique\/index.php\/wp-json\/wp\/v2\/comments?post=209"}],"wp:featuredmedia":[{"embeddable":true,"href":"https:\/\/editionspaondor.com\/boutique\/index.php\/wp-json\/wp\/v2\/media\/210"}],"wp:attachment":[{"href":"https:\/\/editionspaondor.com\/boutique\/index.php\/wp-json\/wp\/v2\/media?parent=209"}],"wp:term":[{"taxonomy":"product_brand","embeddable":true,"href":"https:\/\/editionspaondor.com\/boutique\/index.php\/wp-json\/wp\/v2\/product_brand?post=209"},{"taxonomy":"product_cat","embeddable":true,"href":"https:\/\/editionspaondor.com\/boutique\/index.php\/wp-json\/wp\/v2\/product_cat?post=209"},{"taxonomy":"product_tag","embeddable":true,"href":"https:\/\/editionspaondor.com\/boutique\/index.php\/wp-json\/wp\/v2\/product_tag?post=209"}],"curies":[{"name":"wp","href":"https:\/\/api.w.org\/{rel}","templated":true}]}}