{"id":145,"date":"2020-04-27T02:41:04","date_gmt":"2020-04-27T00:41:04","guid":{"rendered":"http:\/\/editionspaondor.com\/boutique\/?post_type=product&#038;p=145"},"modified":"2024-02-20T14:46:36","modified_gmt":"2024-02-20T13:46:36","slug":"sequelles","status":"publish","type":"product","link":"https:\/\/editionspaondor.com\/boutique\/index.php\/produit\/sequelles\/","title":{"rendered":"Sequelles"},"content":{"rendered":"<p>\u00ab S\u00e9quelles \u00bb est une extension du recueil \u00ab L\u2019an de cendre \u00bb et \u00e9voque de mani\u00e8re peut-\u00eatre plus malsaine encore son monde post-apocalyptique. S&rsquo;y ajoutent des \u0153uvres sombres plus disparates. On y trouvera entre autres des tableaux pr\u00e9sentant les monstres d&rsquo;un cirque macabre, et une rencontre avec la Mort elle-m\u00eame.<\/p>\n<p>En seconde partie, avec \u00abA la nuit\u00bb, le po\u00e8te, amoureux des ombres, fait \u00e9clore un bouquet de stances adress\u00e9es \u00e0 la d\u00e9esse nocturne. C\u2019est dans ce jardin intime et glac\u00e9 d\u2019adoration morbide que, personnifi\u00e9e de mille mani\u00e8res, la Grande Nuit go\u00fbtera ses vers m\u00e9ticuleusement cisel\u00e9s.<\/p>\n<p>&nbsp;<\/p>\n<p>62 pages, format A5<\/p>\n<p>Tous les textes de mes recueils sont consultables sur mon site <a href=\"http:\/\/www.gabriel-leroy.be\">www.gabriel-leroy.be<\/a><\/p>\n","protected":false},"excerpt":{"rendered":"<p>Recueil po\u00e9tique<\/p>\n","protected":false},"featured_media":208,"comment_status":"open","ping_status":"closed","template":"","meta":[],"product_brand":[],"product_cat":[15],"product_tag":[],"class_list":{"0":"post-145","1":"product","2":"type-product","3":"status-publish","4":"has-post-thumbnail","6":"product_cat-non-classe","8":"first","9":"outofstock","10":"shipping-taxable","11":"purchasable","12":"product-type-simple"},"jetpack_sharing_enabled":true,"_links":{"self":[{"href":"https:\/\/editionspaondor.com\/boutique\/index.php\/wp-json\/wp\/v2\/product\/145","targetHints":{"allow":["GET"]}}],"collection":[{"href":"https:\/\/editionspaondor.com\/boutique\/index.php\/wp-json\/wp\/v2\/product"}],"about":[{"href":"https:\/\/editionspaondor.com\/boutique\/index.php\/wp-json\/wp\/v2\/types\/product"}],"replies":[{"embeddable":true,"href":"https:\/\/editionspaondor.com\/boutique\/index.php\/wp-json\/wp\/v2\/comments?post=145"}],"wp:featuredmedia":[{"embeddable":true,"href":"https:\/\/editionspaondor.com\/boutique\/index.php\/wp-json\/wp\/v2\/media\/208"}],"wp:attachment":[{"href":"https:\/\/editionspaondor.com\/boutique\/index.php\/wp-json\/wp\/v2\/media?parent=145"}],"wp:term":[{"taxonomy":"product_brand","embeddable":true,"href":"https:\/\/editionspaondor.com\/boutique\/index.php\/wp-json\/wp\/v2\/product_brand?post=145"},{"taxonomy":"product_cat","embeddable":true,"href":"https:\/\/editionspaondor.com\/boutique\/index.php\/wp-json\/wp\/v2\/product_cat?post=145"},{"taxonomy":"product_tag","embeddable":true,"href":"https:\/\/editionspaondor.com\/boutique\/index.php\/wp-json\/wp\/v2\/product_tag?post=145"}],"curies":[{"name":"wp","href":"https:\/\/api.w.org\/{rel}","templated":true}]}}