{"id":3965,"date":"2023-11-27T18:24:32","date_gmt":"2023-11-27T17:24:32","guid":{"rendered":"https:\/\/editionspaondor.com\/boutique\/?page_id=3965"},"modified":"2024-11-04T22:32:37","modified_gmt":"2024-11-04T21:32:37","slug":"points-de-vente","status":"publish","type":"page","link":"https:\/\/editionspaondor.com\/boutique\/index.php\/points-de-vente\/","title":{"rendered":"Points de vente"},"content":{"rendered":"\n<p><\/p>\n\n\n\n<p>Sont indiqu\u00e9s ici les quelques magasins physiques qui vendent mes oracles en rayon.<br><\/p>\n\n\n\n<p><span style=\"text-decoration: underline;\"><strong>En France<\/strong> :<\/span><\/p>\n\n\n\n<p><strong>Librairie P\u00e9gase<\/strong><br>13, RUE TOULOUSE LAUTREC<br>33000 BORDEAUX<br>Tel : <a href=\"https:\/\/www.google.com\/search?client=firefox-b-d&amp;q=librairie+pegase+bordeaux#\">05 56 51 38 12<\/a><\/p>\n\n\n\n<p><\/p>\n\n\n\n<div class=\"wp-block-group\"><div class=\"wp-block-group__inner-container is-layout-constrained wp-block-group-is-layout-constrained\">\n<p><strong>L&rsquo;Instant Zen<\/strong><br>4, place Th\u00e9odore Paqu\u00e9<br>57500 <u>Saint-Avold<\/u><br>www.l-instant-zen.fr<br>Tel: 06 48 67 59 46<\/p>\n\n\n\n<p><\/p>\n\n\n\n<p><\/p>\n\n\n\n<p><\/p>\n\n\n\n<p><\/p>\n\n\n\n<p><\/p>\n\n\n\n<p>A<span style=\"text-decoration: underline;\"><strong>u Qu\u00e9bec<\/strong> <\/span>:<\/p>\n<\/div><\/div>\n\n\n\n<p><strong>Librairie Limasson<\/strong><br>2850 rue Masson<br>QC H1Y 1W9 MONTREAL<br>Ouvert du jeudi au dimanche apr\u00e8s 11h00<br>Tel : <a href=\"tel:5145931797\">5145931797<\/a><\/p>\n","protected":false},"excerpt":{"rendered":"<p>Sont indiqu\u00e9s ici les quelques magasins physiques qui vendent mes oracles en rayon. En France : Librairie P\u00e9gase13, RUE TOULOUSE LAUTREC33000 BORDEAUXTel : 05 56 51 38 12 L&rsquo;Instant Zen4, place Th\u00e9odore Paqu\u00e957500 Saint-Avoldwww.l-instant-zen.frTel: 06 48 67 59 46 Au Qu\u00e9bec : Librairie Limasson2850 rue MassonQC H1Y 1W9 MONTREALOuvert du jeudi au dimanche apr\u00e8s 11h00Tel [&hellip;]<\/p>\n","protected":false},"author":1,"featured_media":0,"parent":0,"menu_order":0,"comment_status":"closed","ping_status":"closed","template":"","meta":{"footnotes":""},"class_list":["post-3965","page","type-page","status-publish","hentry"],"jetpack_sharing_enabled":true,"_links":{"self":[{"href":"https:\/\/editionspaondor.com\/boutique\/index.php\/wp-json\/wp\/v2\/pages\/3965","targetHints":{"allow":["GET"]}}],"collection":[{"href":"https:\/\/editionspaondor.com\/boutique\/index.php\/wp-json\/wp\/v2\/pages"}],"about":[{"href":"https:\/\/editionspaondor.com\/boutique\/index.php\/wp-json\/wp\/v2\/types\/page"}],"author":[{"embeddable":true,"href":"https:\/\/editionspaondor.com\/boutique\/index.php\/wp-json\/wp\/v2\/users\/1"}],"replies":[{"embeddable":true,"href":"https:\/\/editionspaondor.com\/boutique\/index.php\/wp-json\/wp\/v2\/comments?post=3965"}],"version-history":[{"count":4,"href":"https:\/\/editionspaondor.com\/boutique\/index.php\/wp-json\/wp\/v2\/pages\/3965\/revisions"}],"predecessor-version":[{"id":4259,"href":"https:\/\/editionspaondor.com\/boutique\/index.php\/wp-json\/wp\/v2\/pages\/3965\/revisions\/4259"}],"wp:attachment":[{"href":"https:\/\/editionspaondor.com\/boutique\/index.php\/wp-json\/wp\/v2\/media?parent=3965"}],"curies":[{"name":"wp","href":"https:\/\/api.w.org\/{rel}","templated":true}]}}