{"id":3015,"date":"2022-05-08T12:58:38","date_gmt":"2022-05-08T10:58:38","guid":{"rendered":"https:\/\/editionspaondor.com\/boutique\/?page_id=3015"},"modified":"2025-02-28T18:25:18","modified_gmt":"2025-02-28T17:25:18","slug":"dernieres-nouvelles","status":"publish","type":"page","link":"https:\/\/editionspaondor.com\/boutique\/index.php\/dernieres-nouvelles\/","title":{"rendered":"Derni\u00e8res nouvelles"},"content":{"rendered":"\n<p>Vous trouverez ici un point sur l&rsquo;\u00e9tat d&rsquo;avancement de mes divers projets.<\/p>\n\n\n\n<p>Derni\u00e8re mise \u00e0 jour :  28 f\u00e9vrier  2025<\/p>\n\n\n\n<p><\/p>\n\n\n\n<p>Une int\u00e9grale po\u00e9tique est d\u00e9sormais disponible. <\/p>\n\n\n\n<p>Pas de nouveau projet en vue. Il ne m&rsquo;est plus possible de concilier mes activit\u00e9s cr\u00e9atives et mon travail. La boutique reste toutefois ouverte. L&rsquo;envoi des commandes est plus lent que par le pass\u00e9, les colis \u00e9tant g\u00e9n\u00e9ralement pr\u00e9par\u00e9s le dimanche.<\/p>\n\n\n\n<p><\/p>\n\n\n\n<p><\/p>\n\n\n\n<h2 class=\"wp-block-heading has-text-align-center\">\u00ab\u00a0les Glyphes de F\u00e9ore\u00a0\u00bb<\/h2>\n\n\n\n<p>Il reste quelques dizaines d&rsquo;exemplaires. Mais les ventes sont rares. Donc il devrait rester encore disponible plusieurs mois.<\/p>\n\n\n\n<h2 class=\"wp-block-heading has-text-align-center\">\u00ab\u00a0L&rsquo;Absolu\u00a0\u00bb<\/h2>\n\n\n\n<p>Pas de changement. L&rsquo;oracle est toujours disponible dans sa seconde \u00e9dition. Le stock est encore cons\u00e9quent. Il restera donc en boutique pour de nombreux mois encore.<\/p>\n\n\n\n<p>Pour le grand livre de l&rsquo;Absolu . Il ne reste plus de versions dos carr\u00e9 coll\u00e9. Pour la version reliure \u00e0 spirales, aucun risque de rupture de stock avant longtemps.<\/p>\n\n\n\n<p>L&rsquo;application pour smarphone n&rsquo;est plus en vente. La seconde version utilisant les cartes de la deuxi\u00e8me \u00e9dition \u00e9tait pr\u00e9vue. Mais c&rsquo;\u00e9tait un travail de programmation assez lourd et vu mon aversion pour l&rsquo;h\u00e9bergement sur Google Play, le projet a \u00e9t\u00e9 annul\u00e9.<\/p>\n\n\n\n<h2 class=\"wp-block-heading has-text-align-center\">\u00ab\u00a0Outrechim\u00e8re\u00a0\u00bb<\/h2>\n\n\n\n<p>Pas de changement. La seconde \u00e9dition de cet oracle est arriv\u00e9e fin juin 2022. Il devrait rester disponible encore pendant plusieurs ann\u00e9es. <br>Peu de choses changent pour lui. Mais le livret de cette seconde \u00e9dition a \u00e9t\u00e9 retravaill\u00e9 pour \u00eatre plus simple \u00e0 comprendre. Les cartes m\u00e9mo avec la signification des chim\u00e8res ont \u00e9t\u00e9 supprim\u00e9es et sont remplac\u00e9es par une significations plus pr\u00e9cise dans le livret. <\/p>\n\n\n\n<h2 class=\"wp-block-heading has-text-align-center\">\u00ab\u00a0Phal\u00e9naria\u00a0\u00bb<\/h2>\n\n\n\n<p>En faisant du rangement, je suis retomb\u00e9 sur un stock de runes en aventurine verte que j&rsquo;avais \u00e9cart\u00e9e de la vente car je les trouvais imparfaites. Et en les revoyant je me suis rendu compte qu&rsquo;elles \u00e9taient tr\u00e8s bien ces runes, m\u00eame si un peu moins harmonieuses que les autres.  J&rsquo;ai donc d\u00e9cid\u00e9 de remettre en vente une \u00e9dition compl\u00e8te avec ces runes. Il y aura \u00e0 peu pr\u00e8s 40 exemplaires de cette \u00e9dition \u00ab\u00a0de la derni\u00e8re chance\u00a0\u00bb. <\/p>\n\n\n\n<p>l&rsquo;\u00e9dition essentielle, sans runes et avec la premi\u00e8re version des cartes (dos diff\u00e9rent et cartes plus fines) est toujours disponible.<\/p>\n\n\n\n<p><\/p>\n\n\n\n<h2 class=\"wp-block-heading has-text-align-center\">Po\u00e9sies<\/h2>\n\n\n\n<p>J&rsquo;ai enfin fait imprimer mon int\u00e9grale po\u00e9tique. Les nouveaux recueils ont \u00e9t\u00e9 joints au recueils existants dans un seul gros livre illustr\u00e9 avec une s\u00e9lection de mes dessins, aquarelles et montages. Nombre d&rsquo;anciens textes ont \u00e9t\u00e9 retravaill\u00e9s. Cette int\u00e9grale a \u00e9t\u00e9 imprim\u00e9e en tr\u00e8s peu d&rsquo;exemplaires.<\/p>\n\n\n\n<p><\/p>\n\n\n\n<p><\/p>\n\n\n\n<p><\/p>\n\n\n\n<p><\/p>\n\n\n\n<p><\/p>\n","protected":false},"excerpt":{"rendered":"<p>Vous trouverez ici un point sur l&rsquo;\u00e9tat d&rsquo;avancement de mes divers projets. Derni\u00e8re mise \u00e0 jour : 28 f\u00e9vrier 2025 Une int\u00e9grale po\u00e9tique est d\u00e9sormais disponible. Pas de nouveau projet en vue. Il ne m&rsquo;est plus possible de concilier mes activit\u00e9s cr\u00e9atives et mon travail. La boutique reste toutefois ouverte. L&rsquo;envoi des commandes est plus [&hellip;]<\/p>\n","protected":false},"author":1,"featured_media":0,"parent":0,"menu_order":0,"comment_status":"closed","ping_status":"closed","template":"","meta":{"footnotes":""},"class_list":["post-3015","page","type-page","status-publish","hentry"],"jetpack_sharing_enabled":true,"_links":{"self":[{"href":"https:\/\/editionspaondor.com\/boutique\/index.php\/wp-json\/wp\/v2\/pages\/3015","targetHints":{"allow":["GET"]}}],"collection":[{"href":"https:\/\/editionspaondor.com\/boutique\/index.php\/wp-json\/wp\/v2\/pages"}],"about":[{"href":"https:\/\/editionspaondor.com\/boutique\/index.php\/wp-json\/wp\/v2\/types\/page"}],"author":[{"embeddable":true,"href":"https:\/\/editionspaondor.com\/boutique\/index.php\/wp-json\/wp\/v2\/users\/1"}],"replies":[{"embeddable":true,"href":"https:\/\/editionspaondor.com\/boutique\/index.php\/wp-json\/wp\/v2\/comments?post=3015"}],"version-history":[{"count":24,"href":"https:\/\/editionspaondor.com\/boutique\/index.php\/wp-json\/wp\/v2\/pages\/3015\/revisions"}],"predecessor-version":[{"id":4345,"href":"https:\/\/editionspaondor.com\/boutique\/index.php\/wp-json\/wp\/v2\/pages\/3015\/revisions\/4345"}],"wp:attachment":[{"href":"https:\/\/editionspaondor.com\/boutique\/index.php\/wp-json\/wp\/v2\/media?parent=3015"}],"curies":[{"name":"wp","href":"https:\/\/api.w.org\/{rel}","templated":true}]}}