{"id":139,"date":"2020-04-26T23:01:28","date_gmt":"2020-04-26T21:01:28","guid":{"rendered":"http:\/\/editionspaondor.com\/boutique\/?page_id=139"},"modified":"2025-01-19T21:05:25","modified_gmt":"2025-01-19T20:05:25","slug":"bienvenue-2","status":"publish","type":"page","link":"https:\/\/editionspaondor.com\/boutique\/","title":{"rendered":"Boutique"},"content":{"rendered":"\n<h3 class=\"wp-block-heading has-text-align-center\"><em><strong>Bienvenue !<\/strong><\/em><\/h3>\n\n\n\n<p class=\"has-text-align-center\">Vous trouverez ici oracles et recueils de po\u00e9sie. Bonne visite!<\/p>\n\n\n\n<p class=\"has-text-align-center\">(Les commandes de la semaine sont d\u00e9sormais pr\u00e9par\u00e9es le dimanche soir. Merci pour votre patience.)<\/p>\n\n\n\n<h2 class=\"wp-block-heading has-text-align-center has-vivid-cyan-blue-color has-text-color\"><strong>Oracles<\/strong><\/h2>\n\n\n<div data-block-name=\"woocommerce\/product-category\" data-categories=\"[20]\" data-columns=\"4\" data-content-visibility=\"{&quot;title&quot;:true,&quot;price&quot;:true,&quot;rating&quot;:false,&quot;button&quot;:true}\" data-edit-mode=\"false\" data-orderby=\"menu_order\" data-rows=\"2\" class=\"wc-block-grid wp-block-product-category wp-block-woocommerce-product-category wc-block-product-category has-4-columns has-multiple-rows\"><ul class=\"wc-block-grid__products\"><li class=\"wc-block-grid__product\">\n\t\t\t\t<a href=\"https:\/\/editionspaondor.com\/boutique\/index.php\/produit\/labsolu-disponible-debut-novembre-2020\/\" class=\"wc-block-grid__product-link\">\n\t\t\t\t\t\n\t\t\t\t\t<div class=\"wc-block-grid__product-image\"><img loading=\"lazy\" decoding=\"async\" width=\"324\" height=\"324\" src=\"https:\/\/editionspaondor.com\/boutique\/wp-content\/uploads\/2020\/10\/absolu-324x324.png\" class=\"attachment-woocommerce_thumbnail size-woocommerce_thumbnail\" alt=\"L&#039;Absolu\" srcset=\"https:\/\/editionspaondor.com\/boutique\/wp-content\/uploads\/2020\/10\/absolu-324x324.png 324w, https:\/\/editionspaondor.com\/boutique\/wp-content\/uploads\/2020\/10\/absolu-300x300.png 300w, https:\/\/editionspaondor.com\/boutique\/wp-content\/uploads\/2020\/10\/absolu.png 1024w, https:\/\/editionspaondor.com\/boutique\/wp-content\/uploads\/2020\/10\/absolu-150x150.png 150w, https:\/\/editionspaondor.com\/boutique\/wp-content\/uploads\/2020\/10\/absolu-768x768.png 768w, https:\/\/editionspaondor.com\/boutique\/wp-content\/uploads\/2020\/10\/absolu-416x416.png 416w, https:\/\/editionspaondor.com\/boutique\/wp-content\/uploads\/2020\/10\/absolu-100x100.png 100w\" sizes=\"auto, (max-width: 324px) 100vw, 324px\" \/><\/div>\n\t\t\t\t\t<div class=\"wc-block-grid__product-title\">L&rsquo;Absolu<\/div>\n\t\t\t\t<\/a>\n\t\t\t\t<div class=\"wc-block-grid__product-price price\"><span class=\"woocommerce-Price-amount amount\"><span class=\"woocommerce-Price-currencySymbol\">&euro;<\/span>27,00<\/span><\/div>\n\t\t\t\t\n\t\t\t\t<div class=\"wp-block-button wc-block-grid__product-add-to-cart\"><a href=\"\/boutique\/index.php\/wp-json\/wp\/v2\/pages\/139?add-to-cart=1186\" aria-label=\"Ajouter au panier\u00a0: &ldquo;L&#039;Absolu&rdquo;\" data-quantity=\"1\" data-product_id=\"1186\" data-product_sku=\"L&#039;Absolu\" data-price=\"27\" rel=\"nofollow\" class=\"wp-block-button__link  add_to_cart_button ajax_add_to_cart\">Ajouter au panier<\/a><\/div>\n\t\t\t<\/li><li class=\"wc-block-grid__product\">\n\t\t\t\t<a href=\"https:\/\/editionspaondor.com\/boutique\/index.php\/produit\/les-glyphes-de-feore\/\" class=\"wc-block-grid__product-link\">\n\t\t\t\t\t\n\t\t\t\t\t<div class=\"wc-block-grid__product-image\"><img loading=\"lazy\" decoding=\"async\" width=\"324\" height=\"324\" src=\"https:\/\/editionspaondor.com\/boutique\/wp-content\/uploads\/2023\/04\/glyphes-324x324.png\" class=\"attachment-woocommerce_thumbnail size-woocommerce_thumbnail\" alt=\"Les glyphes de F\u00e9ore\" srcset=\"https:\/\/editionspaondor.com\/boutique\/wp-content\/uploads\/2023\/04\/glyphes-324x324.png 324w, https:\/\/editionspaondor.com\/boutique\/wp-content\/uploads\/2023\/04\/glyphes-300x300.png 300w, https:\/\/editionspaondor.com\/boutique\/wp-content\/uploads\/2023\/04\/glyphes-150x150.png 150w, https:\/\/editionspaondor.com\/boutique\/wp-content\/uploads\/2023\/04\/glyphes-768x768.png 768w, https:\/\/editionspaondor.com\/boutique\/wp-content\/uploads\/2023\/04\/glyphes-416x416.png 416w, https:\/\/editionspaondor.com\/boutique\/wp-content\/uploads\/2023\/04\/glyphes-100x100.png 100w, https:\/\/editionspaondor.com\/boutique\/wp-content\/uploads\/2023\/04\/glyphes.png 1024w\" sizes=\"auto, (max-width: 324px) 100vw, 324px\" \/><\/div>\n\t\t\t\t\t<div class=\"wc-block-grid__product-title\">Les glyphes de F\u00e9ore<\/div>\n\t\t\t\t<\/a>\n\t\t\t\t<div class=\"wc-block-grid__product-price price\"><span class=\"woocommerce-Price-amount amount\"><span class=\"woocommerce-Price-currencySymbol\">&euro;<\/span>28,00<\/span><\/div>\n\t\t\t\t\n\t\t\t\t<div class=\"wp-block-button wc-block-grid__product-add-to-cart\"><a href=\"\/boutique\/index.php\/wp-json\/wp\/v2\/pages\/139?add-to-cart=3477\" aria-label=\"Ajouter au panier\u00a0: &ldquo;Les glyphes de F\u00e9ore&rdquo;\" data-quantity=\"1\" data-product_id=\"3477\" data-product_sku=\"\" data-price=\"28\" rel=\"nofollow\" class=\"wp-block-button__link  add_to_cart_button ajax_add_to_cart\">Ajouter au panier<\/a><\/div>\n\t\t\t<\/li><li class=\"wc-block-grid__product\">\n\t\t\t\t<a href=\"https:\/\/editionspaondor.com\/boutique\/index.php\/produit\/outrechimere\/\" class=\"wc-block-grid__product-link\">\n\t\t\t\t\t\n\t\t\t\t\t<div class=\"wc-block-grid__product-image\"><img loading=\"lazy\" decoding=\"async\" width=\"324\" height=\"324\" src=\"https:\/\/editionspaondor.com\/boutique\/wp-content\/uploads\/2020\/04\/outrechim\u00e8re-324x324.png\" class=\"attachment-woocommerce_thumbnail size-woocommerce_thumbnail\" alt=\"Outrechim\u00e8re\" srcset=\"https:\/\/editionspaondor.com\/boutique\/wp-content\/uploads\/2020\/04\/outrechim\u00e8re-324x324.png 324w, https:\/\/editionspaondor.com\/boutique\/wp-content\/uploads\/2020\/04\/outrechim\u00e8re-300x300.png 300w, https:\/\/editionspaondor.com\/boutique\/wp-content\/uploads\/2020\/04\/outrechim\u00e8re.png 1024w, https:\/\/editionspaondor.com\/boutique\/wp-content\/uploads\/2020\/04\/outrechim\u00e8re-150x150.png 150w, https:\/\/editionspaondor.com\/boutique\/wp-content\/uploads\/2020\/04\/outrechim\u00e8re-768x768.png 768w, https:\/\/editionspaondor.com\/boutique\/wp-content\/uploads\/2020\/04\/outrechim\u00e8re-416x416.png 416w, https:\/\/editionspaondor.com\/boutique\/wp-content\/uploads\/2020\/04\/outrechim\u00e8re-100x100.png 100w\" sizes=\"auto, (max-width: 324px) 100vw, 324px\" \/><\/div>\n\t\t\t\t\t<div class=\"wc-block-grid__product-title\">Outrechim\u00e8re<\/div>\n\t\t\t\t<\/a>\n\t\t\t\t<div class=\"wc-block-grid__product-price price\"><span class=\"woocommerce-Price-amount amount\"><span class=\"woocommerce-Price-currencySymbol\">&euro;<\/span>30,00<\/span><\/div>\n\t\t\t\t\n\t\t\t\t<div class=\"wp-block-button wc-block-grid__product-add-to-cart\"><a href=\"\/boutique\/index.php\/wp-json\/wp\/v2\/pages\/139?add-to-cart=60\" aria-label=\"Ajouter au panier\u00a0: &ldquo;Outrechim\u00e8re&rdquo;\" data-quantity=\"1\" data-product_id=\"60\" data-product_sku=\"Outrechim\u00e8re\" data-price=\"30\" rel=\"nofollow\" class=\"wp-block-button__link  add_to_cart_button ajax_add_to_cart\">Ajouter au panier<\/a><\/div>\n\t\t\t<\/li><li class=\"wc-block-grid__product\">\n\t\t\t\t<a href=\"https:\/\/editionspaondor.com\/boutique\/index.php\/produit\/phalenaria-cartes-uniquement\/\" class=\"wc-block-grid__product-link\">\n\t\t\t\t\t\n\t\t\t\t\t<div class=\"wc-block-grid__product-image\"><img loading=\"lazy\" decoding=\"async\" width=\"324\" height=\"324\" src=\"https:\/\/editionspaondor.com\/boutique\/wp-content\/uploads\/2021\/09\/essentielle-324x324.png\" class=\"attachment-woocommerce_thumbnail size-woocommerce_thumbnail\" alt=\"Phal\u00e9naria (Edition Essentielle)\" srcset=\"https:\/\/editionspaondor.com\/boutique\/wp-content\/uploads\/2021\/09\/essentielle-324x324.png 324w, https:\/\/editionspaondor.com\/boutique\/wp-content\/uploads\/2021\/09\/essentielle-300x300.png 300w, https:\/\/editionspaondor.com\/boutique\/wp-content\/uploads\/2021\/09\/essentielle.png 1024w, https:\/\/editionspaondor.com\/boutique\/wp-content\/uploads\/2021\/09\/essentielle-150x150.png 150w, https:\/\/editionspaondor.com\/boutique\/wp-content\/uploads\/2021\/09\/essentielle-768x768.png 768w, https:\/\/editionspaondor.com\/boutique\/wp-content\/uploads\/2021\/09\/essentielle-416x416.png 416w, https:\/\/editionspaondor.com\/boutique\/wp-content\/uploads\/2021\/09\/essentielle-100x100.png 100w\" sizes=\"auto, (max-width: 324px) 100vw, 324px\" \/><\/div>\n\t\t\t\t\t<div class=\"wc-block-grid__product-title\">Phal\u00e9naria (Edition Essentielle)<\/div>\n\t\t\t\t<\/a>\n\t\t\t\t<div class=\"wc-block-grid__product-price price\"><span class=\"woocommerce-Price-amount amount\"><span class=\"woocommerce-Price-currencySymbol\">&euro;<\/span>25,00<\/span><\/div>\n\t\t\t\t\n\t\t\t\t<div class=\"wp-block-button wc-block-grid__product-add-to-cart\"><a href=\"\/boutique\/index.php\/wp-json\/wp\/v2\/pages\/139?add-to-cart=2099\" aria-label=\"Ajouter au panier\u00a0: &ldquo;Phal\u00e9naria (Edition Essentielle)&rdquo;\" data-quantity=\"1\" data-product_id=\"2099\" data-product_sku=\"Phal\u00e9naria-1\" data-price=\"25\" rel=\"nofollow\" class=\"wp-block-button__link  add_to_cart_button ajax_add_to_cart\">Ajouter au panier<\/a><\/div>\n\t\t\t<\/li><li class=\"wc-block-grid__product\">\n\t\t\t\t<a href=\"https:\/\/editionspaondor.com\/boutique\/index.php\/produit\/20-cartes-vierges-pour-loracle-les-glyphes-de-feore\/\" class=\"wc-block-grid__product-link\">\n\t\t\t\t\t\n\t\t\t\t\t<div class=\"wc-block-grid__product-image\"><img loading=\"lazy\" decoding=\"async\" width=\"324\" height=\"324\" src=\"https:\/\/editionspaondor.com\/boutique\/wp-content\/uploads\/2023\/04\/vierges-324x324.png\" class=\"attachment-woocommerce_thumbnail size-woocommerce_thumbnail\" alt=\"20 cartes vierges (pour l&#039;oracle &quot;les glyphes de F\u00e9ore&quot;)\" srcset=\"https:\/\/editionspaondor.com\/boutique\/wp-content\/uploads\/2023\/04\/vierges-324x324.png 324w, https:\/\/editionspaondor.com\/boutique\/wp-content\/uploads\/2023\/04\/vierges-300x300.png 300w, https:\/\/editionspaondor.com\/boutique\/wp-content\/uploads\/2023\/04\/vierges-150x150.png 150w, https:\/\/editionspaondor.com\/boutique\/wp-content\/uploads\/2023\/04\/vierges-768x768.png 768w, https:\/\/editionspaondor.com\/boutique\/wp-content\/uploads\/2023\/04\/vierges-416x416.png 416w, https:\/\/editionspaondor.com\/boutique\/wp-content\/uploads\/2023\/04\/vierges-100x100.png 100w, https:\/\/editionspaondor.com\/boutique\/wp-content\/uploads\/2023\/04\/vierges.png 1024w\" sizes=\"auto, (max-width: 324px) 100vw, 324px\" \/><\/div>\n\t\t\t\t\t<div class=\"wc-block-grid__product-title\">20 cartes vierges (pour l&rsquo;oracle \u00ab\u00a0les glyphes de F\u00e9ore\u00a0\u00bb)<\/div>\n\t\t\t\t<\/a>\n\t\t\t\t<div class=\"wc-block-grid__product-price price\"><span class=\"woocommerce-Price-amount amount\"><span class=\"woocommerce-Price-currencySymbol\">&euro;<\/span>2,00<\/span><\/div>\n\t\t\t\t\n\t\t\t\t<div class=\"wp-block-button wc-block-grid__product-add-to-cart\"><a href=\"\/boutique\/index.php\/wp-json\/wp\/v2\/pages\/139?add-to-cart=3502\" aria-label=\"Ajouter au panier\u00a0: &ldquo;20 cartes vierges (pour l&#039;oracle &quot;les glyphes de F\u00e9ore&quot;)&rdquo;\" data-quantity=\"1\" data-product_id=\"3502\" data-product_sku=\"\" data-price=\"2\" rel=\"nofollow\" class=\"wp-block-button__link  add_to_cart_button ajax_add_to_cart\">Ajouter au panier<\/a><\/div>\n\t\t\t<\/li><li class=\"wc-block-grid__product\">\n\t\t\t\t<a href=\"https:\/\/editionspaondor.com\/boutique\/index.php\/produit\/le-grand-livre-de-labsolu-precommande\/\" class=\"wc-block-grid__product-link\">\n\t\t\t\t\t\n\t\t\t\t\t<div class=\"wc-block-grid__product-image\"><img loading=\"lazy\" decoding=\"async\" width=\"324\" height=\"324\" src=\"https:\/\/editionspaondor.com\/boutique\/wp-content\/uploads\/2022\/02\/bigbook-324x324.png\" class=\"attachment-woocommerce_thumbnail size-woocommerce_thumbnail\" alt=\"Le grand livre de l&#039;Absolu\" srcset=\"https:\/\/editionspaondor.com\/boutique\/wp-content\/uploads\/2022\/02\/bigbook-324x324.png 324w, https:\/\/editionspaondor.com\/boutique\/wp-content\/uploads\/2022\/02\/bigbook-300x300.png 300w, https:\/\/editionspaondor.com\/boutique\/wp-content\/uploads\/2022\/02\/bigbook.png 1024w, https:\/\/editionspaondor.com\/boutique\/wp-content\/uploads\/2022\/02\/bigbook-150x150.png 150w, https:\/\/editionspaondor.com\/boutique\/wp-content\/uploads\/2022\/02\/bigbook-768x768.png 768w, https:\/\/editionspaondor.com\/boutique\/wp-content\/uploads\/2022\/02\/bigbook-416x416.png 416w, https:\/\/editionspaondor.com\/boutique\/wp-content\/uploads\/2022\/02\/bigbook-100x100.png 100w\" sizes=\"auto, (max-width: 324px) 100vw, 324px\" \/><\/div>\n\t\t\t\t\t<div class=\"wc-block-grid__product-title\">Le grand livre de l&rsquo;Absolu<\/div>\n\t\t\t\t<\/a>\n\t\t\t\t<div class=\"wc-block-grid__product-price price\"><span class=\"woocommerce-Price-amount amount\" aria-hidden=\"true\"><span class=\"woocommerce-Price-currencySymbol\">&euro;<\/span>24,00<\/span> <span aria-hidden=\"true\">\u00a0\u2013\u00a0<\/span> <span class=\"woocommerce-Price-amount amount\" aria-hidden=\"true\"><span class=\"woocommerce-Price-currencySymbol\">&euro;<\/span>26,00<\/span><span class=\"screen-reader-text\">Plage de prix\u00a0: &euro;24,00 \u00e0 &euro;26,00<\/span><\/div>\n\t\t\t\t\n\t\t\t\t<div class=\"wp-block-button wc-block-grid__product-add-to-cart\"><a href=\"https:\/\/editionspaondor.com\/boutique\/index.php\/produit\/le-grand-livre-de-labsolu-precommande\/\" aria-label=\"S\u00e9lectionner les options pour &ldquo;Le grand livre de l&#039;Absolu&rdquo;\" data-quantity=\"1\" data-product_id=\"2741\" data-product_sku=\"\" data-price=\"24\" rel=\"nofollow\" class=\"wp-block-button__link  add_to_cart_button\">Choix des options<\/a><\/div>\n\t\t\t<\/li><li class=\"wc-block-grid__product\">\n\t\t\t\t<a href=\"https:\/\/editionspaondor.com\/boutique\/index.php\/produit\/phalenaria-edition-finale\/\" class=\"wc-block-grid__product-link\">\n\t\t\t\t\t\n\t\t\t\t\t<div class=\"wc-block-grid__product-image\"><img loading=\"lazy\" decoding=\"async\" width=\"324\" height=\"324\" src=\"https:\/\/editionspaondor.com\/boutique\/wp-content\/uploads\/2021\/08\/phaleniaria-324x324.png\" class=\"attachment-woocommerce_thumbnail size-woocommerce_thumbnail\" alt=\"Phal\u00e9naria *\" srcset=\"https:\/\/editionspaondor.com\/boutique\/wp-content\/uploads\/2021\/08\/phaleniaria-324x324.png 324w, https:\/\/editionspaondor.com\/boutique\/wp-content\/uploads\/2021\/08\/phaleniaria-300x300.png 300w, https:\/\/editionspaondor.com\/boutique\/wp-content\/uploads\/2021\/08\/phaleniaria.png 1024w, https:\/\/editionspaondor.com\/boutique\/wp-content\/uploads\/2021\/08\/phaleniaria-150x150.png 150w, https:\/\/editionspaondor.com\/boutique\/wp-content\/uploads\/2021\/08\/phaleniaria-768x768.png 768w, https:\/\/editionspaondor.com\/boutique\/wp-content\/uploads\/2021\/08\/phaleniaria-416x416.png 416w, https:\/\/editionspaondor.com\/boutique\/wp-content\/uploads\/2021\/08\/phaleniaria-100x100.png 100w\" sizes=\"auto, (max-width: 324px) 100vw, 324px\" \/><\/div>\n\t\t\t\t\t<div class=\"wc-block-grid__product-title\">Phal\u00e9naria *<\/div>\n\t\t\t\t<\/a>\n\t\t\t\t<div class=\"wc-block-grid__product-price price\"><span class=\"woocommerce-Price-amount amount\" aria-hidden=\"true\"><span class=\"woocommerce-Price-currencySymbol\">&euro;<\/span>32,00<\/span> <span aria-hidden=\"true\">\u00a0\u2013\u00a0<\/span> <span class=\"woocommerce-Price-amount amount\" aria-hidden=\"true\"><span class=\"woocommerce-Price-currencySymbol\">&euro;<\/span>40,00<\/span><span class=\"screen-reader-text\">Plage de prix\u00a0: &euro;32,00 \u00e0 &euro;40,00<\/span><\/div>\n\t\t\t\t\n\t\t\t\t<div class=\"wp-block-button wc-block-grid__product-add-to-cart\"><a href=\"https:\/\/editionspaondor.com\/boutique\/index.php\/produit\/phalenaria-edition-finale\/\" aria-label=\"S\u00e9lectionner les options pour &ldquo;Phal\u00e9naria *&rdquo;\" data-quantity=\"1\" data-product_id=\"3143\" data-product_sku=\"Phal\u00e9naria-2\" data-price=\"32\" rel=\"nofollow\" class=\"wp-block-button__link  add_to_cart_button\">Choix des options<\/a><\/div>\n\t\t\t<\/li><\/ul><\/div>\n\n\n<h2 class=\"wp-block-heading has-text-align-center has-vivid-cyan-blue-color has-text-color\"><strong>Po\u00e9sies<\/strong><\/h2>\n\n\n\n<p class=\"has-text-align-center\"><em>Po\u00e9sies n\u00e9o-classiques, tant\u00f4t oniriques, sombres ou romantiques<\/em><\/p>\n\n\n<div data-block-name=\"woocommerce\/product-category\" data-categories=\"[21]\" data-columns=\"1\" data-content-visibility=\"{&quot;title&quot;:true,&quot;price&quot;:true,&quot;rating&quot;:false,&quot;button&quot;:true}\" data-edit-mode=\"false\" data-rows=\"2\" class=\"wc-block-grid wp-block-product-category wp-block-woocommerce-product-category wc-block-product-category has-1-columns has-multiple-rows\"><ul class=\"wc-block-grid__products\"><li class=\"wc-block-grid__product\">\n\t\t\t\t<a href=\"https:\/\/editionspaondor.com\/boutique\/index.php\/produit\/integrale-poetique-2025\/\" class=\"wc-block-grid__product-link\">\n\t\t\t\t\t\n\t\t\t\t\t<div class=\"wc-block-grid__product-image\"><img loading=\"lazy\" decoding=\"async\" width=\"324\" height=\"324\" src=\"https:\/\/editionspaondor.com\/boutique\/wp-content\/uploads\/2025\/01\/integrale2024-324x324.png\" class=\"attachment-woocommerce_thumbnail size-woocommerce_thumbnail\" alt=\"Int\u00e9grale po\u00e9tique\" srcset=\"https:\/\/editionspaondor.com\/boutique\/wp-content\/uploads\/2025\/01\/integrale2024-324x324.png 324w, https:\/\/editionspaondor.com\/boutique\/wp-content\/uploads\/2025\/01\/integrale2024-300x300.png 300w, https:\/\/editionspaondor.com\/boutique\/wp-content\/uploads\/2025\/01\/integrale2024-150x150.png 150w, https:\/\/editionspaondor.com\/boutique\/wp-content\/uploads\/2025\/01\/integrale2024-768x768.png 768w, https:\/\/editionspaondor.com\/boutique\/wp-content\/uploads\/2025\/01\/integrale2024-416x416.png 416w, https:\/\/editionspaondor.com\/boutique\/wp-content\/uploads\/2025\/01\/integrale2024-100x100.png 100w, https:\/\/editionspaondor.com\/boutique\/wp-content\/uploads\/2025\/01\/integrale2024.png 1024w\" sizes=\"auto, (max-width: 324px) 100vw, 324px\" \/><\/div>\n\t\t\t\t\t<div class=\"wc-block-grid__product-title\">Int\u00e9grale po\u00e9tique<\/div>\n\t\t\t\t<\/a>\n\t\t\t\t<div class=\"wc-block-grid__product-price price\"><span class=\"woocommerce-Price-amount amount\"><span class=\"woocommerce-Price-currencySymbol\">&euro;<\/span>34,00<\/span><\/div>\n\t\t\t\t\n\t\t\t\t<div class=\"wp-block-button wc-block-grid__product-add-to-cart\"><a href=\"\/boutique\/index.php\/wp-json\/wp\/v2\/pages\/139?add-to-cart=4280\" aria-label=\"Ajouter au panier\u00a0: &ldquo;Int\u00e9grale po\u00e9tique&rdquo;\" data-quantity=\"1\" data-product_id=\"4280\" data-product_sku=\"\" data-price=\"34\" rel=\"nofollow\" class=\"wp-block-button__link  add_to_cart_button ajax_add_to_cart\">Ajouter au panier<\/a><\/div>\n\t\t\t<\/li><\/ul><\/div>\n\n\n<div class=\"wp-block-jetpack-slideshow aligncenter\" data-effect=\"slide\"><div class=\"wp-block-jetpack-slideshow_container swiper-container\"><ul class=\"wp-block-jetpack-slideshow_swiper-wrapper swiper-wrapper\"><li class=\"wp-block-jetpack-slideshow_slide swiper-slide\"><figure><a href=\"https:\/\/editionspaondor.com\/boutique\/index.php\/2021\/07\/21\/phalenaria\/\"><img loading=\"lazy\" decoding=\"async\" width=\"1024\" height=\"767\" alt=\"\" class=\"wp-block-jetpack-slideshow_image wp-image-1757\" data-id=\"1757\" src=\"https:\/\/editionspaondor.com\/boutique\/wp-content\/uploads\/2021\/07\/pub-1024x767.jpg\" srcset=\"https:\/\/editionspaondor.com\/boutique\/wp-content\/uploads\/2021\/07\/pub-1024x767.jpg 1024w, https:\/\/editionspaondor.com\/boutique\/wp-content\/uploads\/2021\/07\/pub-300x225.jpg 300w, https:\/\/editionspaondor.com\/boutique\/wp-content\/uploads\/2021\/07\/pub-768x575.jpg 768w, https:\/\/editionspaondor.com\/boutique\/wp-content\/uploads\/2021\/07\/pub-1536x1151.jpg 1536w, https:\/\/editionspaondor.com\/boutique\/wp-content\/uploads\/2021\/07\/pub-2048x1534.jpg 2048w, https:\/\/editionspaondor.com\/boutique\/wp-content\/uploads\/2021\/07\/pub-324x243.jpg 324w, https:\/\/editionspaondor.com\/boutique\/wp-content\/uploads\/2021\/07\/pub-416x312.jpg 416w\" sizes=\"(max-width: 1024px) 100vw, 1024px\" \/><\/a><\/figure><\/li><li class=\"wp-block-jetpack-slideshow_slide swiper-slide\"><figure><a href=\"https:\/\/editionspaondor.com\/boutique\/index.php\/2020\/05\/07\/outrechimere-rembourse\/\"><img loading=\"lazy\" decoding=\"async\" width=\"1024\" height=\"775\" alt=\"\" class=\"wp-block-jetpack-slideshow_image wp-image-1181\" data-id=\"1181\" src=\"https:\/\/editionspaondor.com\/boutique\/wp-content\/uploads\/2020\/10\/tourquoises-1-1024x775.jpg\" srcset=\"https:\/\/editionspaondor.com\/boutique\/wp-content\/uploads\/2020\/10\/tourquoises-1-1024x775.jpg 1024w, https:\/\/editionspaondor.com\/boutique\/wp-content\/uploads\/2020\/10\/tourquoises-1-300x227.jpg 300w, https:\/\/editionspaondor.com\/boutique\/wp-content\/uploads\/2020\/10\/tourquoises-1-768x581.jpg 768w, https:\/\/editionspaondor.com\/boutique\/wp-content\/uploads\/2020\/10\/tourquoises-1-324x245.jpg 324w, https:\/\/editionspaondor.com\/boutique\/wp-content\/uploads\/2020\/10\/tourquoises-1-416x315.jpg 416w, https:\/\/editionspaondor.com\/boutique\/wp-content\/uploads\/2020\/10\/tourquoises-1.jpg 1485w\" sizes=\"(max-width: 1024px) 100vw, 1024px\" \/><\/a><\/figure><\/li><li class=\"wp-block-jetpack-slideshow_slide swiper-slide\"><figure><a href=\"https:\/\/editionspaondor.com\/boutique\/index.php\/2020\/04\/27\/spot-publicitaire-doutrechimere\/\"><img loading=\"lazy\" decoding=\"async\" width=\"1024\" height=\"1024\" alt=\"\" class=\"wp-block-jetpack-slideshow_image wp-image-161\" data-id=\"161\" src=\"https:\/\/editionspaondor.com\/boutique\/wp-content\/uploads\/2020\/04\/montage_boitelivret-1024x1024.jpg\" srcset=\"https:\/\/editionspaondor.com\/boutique\/wp-content\/uploads\/2020\/04\/montage_boitelivret-1024x1024.jpg 1024w, https:\/\/editionspaondor.com\/boutique\/wp-content\/uploads\/2020\/04\/montage_boitelivret-300x300.jpg 300w, https:\/\/editionspaondor.com\/boutique\/wp-content\/uploads\/2020\/04\/montage_boitelivret-150x150.jpg 150w, https:\/\/editionspaondor.com\/boutique\/wp-content\/uploads\/2020\/04\/montage_boitelivret-768x768.jpg 768w, https:\/\/editionspaondor.com\/boutique\/wp-content\/uploads\/2020\/04\/montage_boitelivret-324x324.jpg 324w, https:\/\/editionspaondor.com\/boutique\/wp-content\/uploads\/2020\/04\/montage_boitelivret-416x416.jpg 416w, https:\/\/editionspaondor.com\/boutique\/wp-content\/uploads\/2020\/04\/montage_boitelivret-100x100.jpg 100w, https:\/\/editionspaondor.com\/boutique\/wp-content\/uploads\/2020\/04\/montage_boitelivret.jpg 1280w\" sizes=\"(max-width: 1024px) 100vw, 1024px\" \/><\/a><\/figure><\/li><li class=\"wp-block-jetpack-slideshow_slide swiper-slide\"><figure><a href=\"https:\/\/editionspaondor.com\/boutique\/index.php\/2021\/07\/21\/le-grand-livre-de-labsolu\/\"><img loading=\"lazy\" decoding=\"async\" width=\"1024\" height=\"677\" alt=\"\" class=\"wp-block-jetpack-slideshow_image wp-image-1769\" data-id=\"1769\" src=\"https:\/\/editionspaondor.com\/boutique\/wp-content\/uploads\/2021\/07\/pubBigBook-1024x677.jpg\" srcset=\"https:\/\/editionspaondor.com\/boutique\/wp-content\/uploads\/2021\/07\/pubBigBook-1024x677.jpg 1024w, https:\/\/editionspaondor.com\/boutique\/wp-content\/uploads\/2021\/07\/pubBigBook-300x198.jpg 300w, https:\/\/editionspaondor.com\/boutique\/wp-content\/uploads\/2021\/07\/pubBigBook-768x508.jpg 768w, https:\/\/editionspaondor.com\/boutique\/wp-content\/uploads\/2021\/07\/pubBigBook-1536x1016.jpg 1536w\" sizes=\"(max-width: 1024px) 100vw, 1024px\" \/><\/a><\/figure><\/li><\/ul><a class=\"wp-block-jetpack-slideshow_button-prev swiper-button-prev swiper-button-white\" role=\"button\"><\/a><a class=\"wp-block-jetpack-slideshow_button-next swiper-button-next swiper-button-white\" role=\"button\"><\/a><a aria-label=\"Pause Slideshow\" class=\"wp-block-jetpack-slideshow_button-pause\" role=\"button\"><\/a><div class=\"wp-block-jetpack-slideshow_pagination swiper-pagination swiper-pagination-white\"><\/div><\/div><\/div>\n\n\n\n<p><\/p>\n\n\n\n<p><\/p>\n","protected":false},"excerpt":{"rendered":"<p>Bienvenue ! Vous trouverez ici oracles et recueils de po\u00e9sie. Bonne visite! (Les commandes de la semaine sont d\u00e9sormais pr\u00e9par\u00e9es le dimanche soir. Merci pour votre patience.) Oracles Po\u00e9sies Po\u00e9sies n\u00e9o-classiques, tant\u00f4t oniriques, sombres ou romantiques<\/p>\n","protected":false},"author":1,"featured_media":0,"parent":0,"menu_order":0,"comment_status":"closed","ping_status":"closed","template":"template-fullwidth.php","meta":{"footnotes":""},"class_list":["post-139","page","type-page","status-publish","hentry"],"jetpack_sharing_enabled":true,"_links":{"self":[{"href":"https:\/\/editionspaondor.com\/boutique\/index.php\/wp-json\/wp\/v2\/pages\/139","targetHints":{"allow":["GET"]}}],"collection":[{"href":"https:\/\/editionspaondor.com\/boutique\/index.php\/wp-json\/wp\/v2\/pages"}],"about":[{"href":"https:\/\/editionspaondor.com\/boutique\/index.php\/wp-json\/wp\/v2\/types\/page"}],"author":[{"embeddable":true,"href":"https:\/\/editionspaondor.com\/boutique\/index.php\/wp-json\/wp\/v2\/users\/1"}],"replies":[{"embeddable":true,"href":"https:\/\/editionspaondor.com\/boutique\/index.php\/wp-json\/wp\/v2\/comments?post=139"}],"version-history":[{"count":95,"href":"https:\/\/editionspaondor.com\/boutique\/index.php\/wp-json\/wp\/v2\/pages\/139\/revisions"}],"predecessor-version":[{"id":4317,"href":"https:\/\/editionspaondor.com\/boutique\/index.php\/wp-json\/wp\/v2\/pages\/139\/revisions\/4317"}],"wp:attachment":[{"href":"https:\/\/editionspaondor.com\/boutique\/index.php\/wp-json\/wp\/v2\/media?parent=139"}],"curies":[{"name":"wp","href":"https:\/\/api.w.org\/{rel}","templated":true}]}}